    {"id":1071,"date":"2026-02-02T20:33:56","date_gmt":"2026-02-02T20:33:56","guid":{"rendered":"https:\/\/bakviral.com\/?page_id=1071"},"modified":"2026-03-18T16:11:10","modified_gmt":"2026-03-18T16:11:10","slug":"terms-of-use","status":"publish","type":"page","link":"https:\/\/bakviral.com\/es\/terms-of-use\/","title":{"rendered":"Condiciones de uso"},"content":{"rendered":"<h2 class=\"wp-block-heading\">CONDICIONES DE USO DE BAKVIRAL.COM<\/h2>\n\n\n\n<p>Fecha de entrada en vigor: 18 de marzo de 2026<\/p>\n\n\n\n<p>Estos T\u00e9rminos de uso (\u201cT\u00e9rminos\u201d) regulan el acceso y el uso del sitio web Bakviral.com (\u201cSitio\u201d), propiedad de Denakop Digital Media LLC, una entidad legal privada registrada en los Estados Unidos con el n\u00famero EIN 83-1565345, con sede en 1395 Brickell Ave, Suite 852, Miami, FL 33131, EE. UU.<\/p>\n\n\n\n<p>Al acceder, navegar o utilizar el Sitio, el usuario (el \u00abUsuario\u00bb) declara haber le\u00eddo, comprendido y aceptado \u00edntegramente estas Condiciones de Uso y la Pol\u00edtica de Privacidad del Sitio. Si no est\u00e1 de acuerdo con alguna disposici\u00f3n de estas Condiciones, no debe utilizar el Sitio.<\/p>\n\n\n\n<h3 class=\"wp-block-heading\">1. Identificaci\u00f3n de las Partes<\/h3>\n\n\n\n<ul>\n<li>1.1. Sitio: Bakviral.com, una plataforma de contenido digital, operada por Denakop Digital Media LLC.<\/li>\n\n\n\n<li>1.2. Usuario: Cualquier persona f\u00edsica o jur\u00eddica que acceda, navegue o utilice los contenidos y servicios ofrecidos por el Sitio.<\/li>\n<\/ul>\n\n\n\n<h3 class=\"wp-block-heading\">2. Prop\u00f3sito y aceptaci\u00f3n<\/h3>\n\n\n\n<ul>\n<li>2.1. Estos T\u00e9rminos establecen las reglas para acceder a Bakviral.com, que proporciona contenido de entretenimiento, noticias, art\u00edculos y materiales de inter\u00e9s general.<\/li>\n\n\n\n<li>2.2. El acceso y uso del Sitio en cualquier forma implica la aceptaci\u00f3n t\u00e1cita y plena de todas las disposiciones de estos T\u00e9rminos y la Pol\u00edtica de Privacidad.<\/li>\n<\/ul>\n\n\n\n<h3 class=\"wp-block-heading\">3. Obligaciones del usuario<\/h3>\n\n\n\n<ul>\n<li>3.1. El Usuario acepta utilizar el Sitio de forma \u00e9tica y en cumplimiento de la legislaci\u00f3n aplicable y de estos T\u00e9rminos.<\/li>\n\n\n\n<li>3.2. Queda estrictamente prohibido publicar contenido difamatorio, obsceno, discriminatorio o cualquier material que viole los derechos de propiedad intelectual de terceros.<\/li>\n\n\n\n<li>3.3. El Usuario es el \u00fanico responsable de cualquier comentario o contenido generado por el usuario que publique en la plataforma.<\/li>\n<\/ul>\n\n\n\n<h3 class=\"wp-block-heading\">4. Propiedad intelectual<\/h3>\n\n\n\n<ul>\n<li>4.1. Todo el contenido de Bakviral.com (textos, im\u00e1genes, logotipos, c\u00f3digo y dise\u00f1o) es propiedad exclusiva de Denakop Digital Media LLC o sus licenciantes.<\/li>\n\n\n\n<li>4.2. Queda estrictamente prohibida la reproducci\u00f3n o distribuci\u00f3n de cualquier contenido sin la autorizaci\u00f3n previa por escrito de Denakop Digital Media LLC.<\/li>\n\n\n\n<li>4.3. Contenido generado por el usuario: Al publicar comentarios o contenido multimedia, el Usuario otorga a Denakop Digital Media LLC una licencia mundial, perpetua y libre de regal\u00edas para usar y distribuir dicho contenido.<\/li>\n<\/ul>\n\n\n\n<h3 class=\"wp-block-heading\">5. Limitaci\u00f3n de responsabilidad<\/h3>\n\n\n\n<ul>\n<li>5.1. El Sitio se proporciona \u201ctal cual\u201d. Denakop Digital Media LLC no garantiza que el servicio sea ininterrumpido o est\u00e9 libre de errores.<\/li>\n\n\n\n<li>5.2. No nos hacemos responsables de ning\u00fan da\u00f1o directo o indirecto que resulte del uso del Sitio, incluyendo la p\u00e9rdida de datos o enlaces externos a sitios web de terceros.<\/li>\n<\/ul>\n\n\n\n<h3 class=\"wp-block-heading\">6. Privacidad y protecci\u00f3n de datos<\/h3>\n\n\n\n<ul>\n<li>6.1. La recopilaci\u00f3n y el procesamiento de datos personales se rigen por nuestra Pol\u00edtica de Privacidad.<\/li>\n\n\n\n<li>6.2. Como empresa con sede en EE. UU., los datos recopilados pueden transferirse y almacenarse en servidores ubicados en los Estados Unidos.<\/li>\n<\/ul>\n\n\n\n<h3 class=\"wp-block-heading\">7. Modificaciones y Terminaci\u00f3n<\/h3>\n\n\n\n<ul>\n<li>7.1. Denakop Digital Media LLC se reserva el derecho de modificar estos T\u00e9rminos en cualquier momento. Los cambios entrar\u00e1n en vigor inmediatamente despu\u00e9s de su publicaci\u00f3n.<\/li>\n\n\n\n<li>7.2. Podemos suspender o cancelar el acceso al Sitio a cualquier Usuario que infrinja estas disposiciones.<\/li>\n<\/ul>\n\n\n\n<h3 class=\"wp-block-heading\">8. Ley aplicable y jurisdicci\u00f3n<\/h3>\n\n\n\n<ul>\n<li>8.1. Ley aplicable: Estos T\u00e9rminos de uso se regir\u00e1n e interpretar\u00e1n de conformidad con las leyes del Estado de Florida, Estados Unidos, sin tener en cuenta sus disposiciones sobre conflicto de leyes.<\/li>\n\n\n\n<li>8.2. Jurisdicci\u00f3n: Cualquier disputa que surja de estos T\u00e9rminos se resolver\u00e1 exclusivamente en los tribunales del Condado de Miami-Dade, Florida, EE. UU.<\/li>\n<\/ul>\n\n\n\n<h3 class=\"wp-block-heading\">9. Contacto<\/h3>\n\n\n\n<p>Para cualquier pregunta relacionada con estos T\u00e9rminos, p\u00f3ngase en contacto con nosotros en:<\/p>\n\n\n\n<ul>\n<li>Correo electr\u00f3nico: <a target=\"_blank\" rel=\"noreferrer noopener\" href=\"mailto:contato@denakop.com\">contacto@denakop.com<\/a><\/li>\n\n\n\n<li>Direcci\u00f3n: 1395 Brickell Ave, Suite 852, Miami, FL 33131, EE. UU.<\/li>\n<\/ul>","protected":false},"excerpt":{"rendered":"<p>T\u00c9RMINOS DE USO DE BAKVIRAL.COM Fecha de entrada en vigor: 18 de marzo de 2026 Estos T\u00e9rminos de uso (\u201cT\u00e9rminos\u201d) regulan el acceso y el uso del sitio web Bakviral.com (\u201cSitio\u201d), propiedad de Denakop Digital Media LLC, una entidad legal privada registrada en los Estados Unidos con el n\u00famero EIN 83-1565345, con domicilio social en 1395 Brickell Ave, Suite 852, Miami, FL 33131, EE. UU. [\u2026]<\/p>","protected":false},"author":272,"featured_media":0,"parent":0,"menu_order":0,"comment_status":"closed","ping_status":"closed","template":"","meta":{"footnotes":""},"_links":{"self":[{"href":"https:\/\/bakviral.com\/es\/wp-json\/wp\/v2\/pages\/1071"}],"collection":[{"href":"https:\/\/bakviral.com\/es\/wp-json\/wp\/v2\/pages"}],"about":[{"href":"https:\/\/bakviral.com\/es\/wp-json\/wp\/v2\/types\/page"}],"author":[{"embeddable":true,"href":"https:\/\/bakviral.com\/es\/wp-json\/wp\/v2\/users\/272"}],"replies":[{"embeddable":true,"href":"https:\/\/bakviral.com\/es\/wp-json\/wp\/v2\/comments?post=1071"}],"version-history":[{"count":4,"href":"https:\/\/bakviral.com\/es\/wp-json\/wp\/v2\/pages\/1071\/revisions"}],"predecessor-version":[{"id":1578,"href":"https:\/\/bakviral.com\/es\/wp-json\/wp\/v2\/pages\/1071\/revisions\/1578"}],"wp:attachment":[{"href":"https:\/\/bakviral.com\/es\/wp-json\/wp\/v2\/media?parent=1071"}],"curies":[{"name":"wp","href":"https:\/\/api.w.org\/{rel}","templated":true}]}}