    {"id":503,"date":"2025-09-06T13:46:22","date_gmt":"2025-09-06T13:46:22","guid":{"rendered":"https:\/\/bakviral.com\/?page_id=503"},"modified":"2025-09-06T13:46:22","modified_gmt":"2025-09-06T13:46:22","slug":"about-us","status":"publish","type":"page","link":"https:\/\/bakviral.com\/es\/about-us\/","title":{"rendered":"Sobre nosotros"},"content":{"rendered":"<p>\u00a1Bienvenido a Bak Viral!<\/p>\n\n\n\n<p>En Bak Viral, nuestra misi\u00f3n es brindarle las \u00faltimas noticias de tendencia, art\u00edculos reveladores y perspectivas nuevas sobre los temas que m\u00e1s importan, desde econom\u00eda y finanzas hasta mercados, empleos y m\u00e1s.<\/p>\n\n\n\n<p>Creemos en ofrecer contenido informativo, atractivo y accesible para todos. Nuestro equipo se dedica a mantenerte al d\u00eda con historias precisas y bien documentadas que te ayudan a estar a la vanguardia.<\/p>\n\n\n\n<p>Gracias por formar parte de nuestra comunidad. Juntos, exploremos las historias que moldean nuestro mundo.<\/p>\n\n\n\n<p><\/p>","protected":false},"excerpt":{"rendered":"<p>\u00a1Bienvenidos a Bak Viral! En Bak Viral, nuestra misi\u00f3n es ofrecerles las \u00faltimas noticias de actualidad, art\u00edculos perspicaces y perspectivas novedosas sobre los temas m\u00e1s importantes: desde econom\u00eda y finanzas hasta mercados, empleo y mucho m\u00e1s. Creemos en brindar contenido que no solo sea informativo, sino tambi\u00e9n atractivo y accesible para todos. [\u2026]<\/p>","protected":false},"author":0,"featured_media":0,"parent":0,"menu_order":0,"comment_status":"closed","ping_status":"closed","template":"","meta":{"footnotes":""},"_links":{"self":[{"href":"https:\/\/bakviral.com\/es\/wp-json\/wp\/v2\/pages\/503"}],"collection":[{"href":"https:\/\/bakviral.com\/es\/wp-json\/wp\/v2\/pages"}],"about":[{"href":"https:\/\/bakviral.com\/es\/wp-json\/wp\/v2\/types\/page"}],"replies":[{"embeddable":true,"href":"https:\/\/bakviral.com\/es\/wp-json\/wp\/v2\/comments?post=503"}],"version-history":[{"count":0,"href":"https:\/\/bakviral.com\/es\/wp-json\/wp\/v2\/pages\/503\/revisions"}],"wp:attachment":[{"href":"https:\/\/bakviral.com\/es\/wp-json\/wp\/v2\/media?parent=503"}],"curies":[{"name":"wp","href":"https:\/\/api.w.org\/{rel}","templated":true}]}}