    {"id":1069,"date":"2026-02-02T20:17:30","date_gmt":"2026-02-02T20:17:30","guid":{"rendered":"https:\/\/bakviral.com\/?page_id=1069"},"modified":"2026-03-18T15:57:44","modified_gmt":"2026-03-18T15:57:44","slug":"privacy-policy","status":"publish","type":"page","link":"https:\/\/bakviral.com\/fr\/privacy-policy\/","title":{"rendered":"politique de confidentialit\u00e9"},"content":{"rendered":"<h3 class=\"wp-block-heading\">1. Introduction<\/h3>\n\n\n\n<p>Le respect de votre vie priv\u00e9e est primordial pour nous. La pr\u00e9sente Politique de confidentialit\u00e9 d\u00e9crit comment BAKVIRAL.COM collecte, utilise, conserve et divulgue les informations recueillies aupr\u00e8s des utilisateurs (ci-apr\u00e8s d\u00e9sign\u00e9s \u00ab\u00a0Utilisateur\u00a0\u00bb) du site web https:\/\/bakviral.com (ci-apr\u00e8s d\u00e9sign\u00e9 \u00ab\u00a0Site\u00a0\u00bb). Cette politique de confidentialit\u00e9 s\u2019applique au Site ainsi qu\u2019\u00e0 tous les produits et services propos\u00e9s par BAKVIRAL.COM.<\/p>\n\n\n\n<p>Le site BAKVIRAL.COM est la propri\u00e9t\u00e9 de Denakop Digital Media LLC, soci\u00e9t\u00e9 immatricul\u00e9e aux \u00c9tats-Unis sous le num\u00e9ro EIN 83-1565345 et dont le si\u00e8ge social est situ\u00e9 au 1395 Brickell Ave, Suite 852, Miami, FL 33131, \u00c9tats-Unis. Dans la pr\u00e9sente Politique de confidentialit\u00e9, les termes \u00ab\u00a0BAKVIRAL.COM\u00a0\u00bb, \u00ab\u00a0nous\u00a0\u00bb, \u00ab\u00a0notre\u00a0\u00bb ou \u00ab\u00a0nos\u00a0\u00bb font r\u00e9f\u00e9rence \u00e0 Denakop Digital Media LLC, l\u2019entit\u00e9 responsable de l\u2019exploitation du site web et du traitement de vos donn\u00e9es.<\/p>\n\n\n\n<h3 class=\"wp-block-heading\">2. Responsable du traitement des donn\u00e9es<\/h3>\n\n\n\n<p>Aux fins des lois applicables en mati\u00e8re de protection des donn\u00e9es, notamment le R\u00e8glement g\u00e9n\u00e9ral sur la protection des donn\u00e9es (RGPD) et la loi californienne sur la protection de la vie priv\u00e9e des consommateurs (CCPA), Denakop Digital Media LLC est le responsable du traitement des donn\u00e9es personnelles collect\u00e9es via BAKVIRAL.COM. Cela signifie que nous d\u00e9terminons les finalit\u00e9s et les moyens du traitement de vos donn\u00e9es personnelles.<\/p>\n\n\n\n<h3 class=\"wp-block-heading\">3. Collecte des donn\u00e9es<\/h3>\n\n\n\n<p>Nous recueillons diff\u00e9rents types d&#039;informations \u00e0 diverses fins afin de vous fournir et d&#039;am\u00e9liorer nos services. Les types de donn\u00e9es que nous recueillons et les raisons de cette collecte sont d\u00e9taill\u00e9s ci-dessous\u00a0:<\/p>\n\n\n\n<h4 class=\"wp-block-heading\">3.1. Commentaires<\/h4>\n\n\n\n<p>Lorsque vous laissez un commentaire sur le site, nous collectons les donn\u00e9es figurant dans le formulaire de commentaire, ainsi que votre adresse IP et votre navigateur (agent utilisateur) afin de lutter contre le spam. Une cha\u00eene anonymis\u00e9e (ou hachage) cr\u00e9\u00e9e \u00e0 partir de votre adresse e-mail peut \u00eatre transmise au service Gravatar pour v\u00e9rifier si vous l&#039;utilisez. La politique de confidentialit\u00e9 de Gravatar est disponible \u00e0 l&#039;adresse suivante\u00a0: https:\/\/automattic.com\/privacy\/. Apr\u00e8s validation de votre commentaire, votre photo de profil sera visible publiquement.<\/p>\n\n\n\n<h4 class=\"wp-block-heading\">3.2. M\u00e9dias<\/h4>\n\n\n\n<p>Si vous t\u00e9l\u00e9chargez des images sur le site web, \u00e9vitez d&#039;inclure des donn\u00e9es de g\u00e9olocalisation (EXIF GPS). Les visiteurs du site peuvent t\u00e9l\u00e9charger et extraire ces donn\u00e9es.<\/p>\n\n\n\n<h4 class=\"wp-block-heading\">3.3. Cookies<\/h4>\n\n\n\n<p>Nous utilisons des cookies pour am\u00e9liorer votre exp\u00e9rience sur notre site. Les cookies sont de petits fichiers qu&#039;un site ou son fournisseur de services transf\u00e8re sur le disque dur de votre ordinateur via votre navigateur web (si vous l&#039;autorisez). Ils permettent au site ou au fournisseur de services de reconna\u00eetre votre navigateur et de m\u00e9moriser certaines informations. Nous utilisons les cookies aux fins suivantes\u00a0:<\/p>\n\n\n\n<ul>\n<li>Commentaires\u00a0: Si vous laissez un commentaire sur notre site, vous pouvez choisir d\u2019enregistrer votre nom, votre adresse courriel et votre site web dans des t\u00e9moins (cookies). Cela vous permettra de ne pas avoir \u00e0 saisir \u00e0 nouveau ces informations lors de votre prochain commentaire. Ces t\u00e9moins seront conserv\u00e9s pendant un an.<br><\/li>\n\n\n\n<li>Connexion\u00a0: Lorsque vous vous rendez sur notre page de connexion, un cookie temporaire est cr\u00e9\u00e9 pour v\u00e9rifier si votre navigateur accepte les cookies. Ce cookie ne contient aucune donn\u00e9e personnelle et est supprim\u00e9 \u00e0 la fermeture de votre navigateur. Lors de votre connexion, plusieurs cookies sont \u00e9galement cr\u00e9\u00e9s pour enregistrer vos informations de connexion et vos pr\u00e9f\u00e9rences d\u2019affichage. Les cookies de connexion sont conserv\u00e9s pendant deux jours et les cookies d\u2019options d\u2019affichage pendant un an. Si vous cochez la case \u00ab\u00a0Se souvenir de moi\u00a0\u00bb, votre connexion sera maintenue pendant deux semaines. Si vous vous d\u00e9connectez, les cookies de connexion seront supprim\u00e9s.<br><\/li>\n\n\n\n<li>Modification de contenu\u00a0: Si vous modifiez ou publiez un article, un cookie suppl\u00e9mentaire sera enregistr\u00e9 dans votre navigateur. Ce cookie ne contient aucune donn\u00e9e personnelle et indique simplement l\u2019identifiant de l\u2019article que vous venez de modifier. Il expire apr\u00e8s 24\u00a0heures.<\/li>\n<\/ul>\n\n\n\n<h4 class=\"wp-block-heading\">3.4. Contenu int\u00e9gr\u00e9 provenant d&#039;autres sites Web<\/h4>\n\n\n\n<p>Les articles de ce site peuvent inclure du contenu int\u00e9gr\u00e9 (par exemple, des vid\u00e9os, des images, des articles, etc.). Le contenu int\u00e9gr\u00e9 provenant d&#039;autres sites web se comporte exactement de la m\u00eame mani\u00e8re que si le visiteur avait consult\u00e9 directement ces sites. Ces sites web peuvent collecter des donn\u00e9es vous concernant, utiliser des cookies, int\u00e9grer des outils de suivi tiers suppl\u00e9mentaires et surveiller votre interaction avec ce contenu int\u00e9gr\u00e9, y compris si vous poss\u00e9dez un compte et \u00eates connect\u00e9 \u00e0 ce site web.<\/p>\n\n\n\n<h4 class=\"wp-block-heading\">3.5. Collecte automatis\u00e9e des donn\u00e9es<\/h4>\n\n\n\n<p>Nous pouvons \u00e9galement recueillir des informations non personnelles concernant les Utilisateurs lorsqu&#039;ils interagissent avec notre Site. Ces informations peuvent inclure le nom du navigateur, le type d&#039;ordinateur et des informations techniques relatives \u00e0 la connexion des Utilisateurs \u00e0 notre Site, telles que le syst\u00e8me d&#039;exploitation, le fournisseur d&#039;acc\u00e8s Internet et d&#039;autres informations similaires. Ces donn\u00e9es sont principalement utilis\u00e9es \u00e0 des fins d&#039;analyse afin d&#039;am\u00e9liorer nos services et l&#039;exp\u00e9rience utilisateur.<\/p>\n\n\n\n<h3 class=\"wp-block-heading\">4. Transfert international de donn\u00e9es<\/h3>\n\n\n\n<p>Le site BAKVIRAL.COM \u00e9tant exploit\u00e9 par Denakop Digital Media LLC, soci\u00e9t\u00e9 \u00e9tablie aux \u00c9tats-Unis, vos donn\u00e9es personnelles peuvent \u00eatre trait\u00e9es, stock\u00e9es et transf\u00e9r\u00e9es vers des serveurs et des prestataires de services situ\u00e9s hors de votre pays de r\u00e9sidence, y compris aux \u00c9tats-Unis. En utilisant ce site web, vous reconnaissez et acceptez que de tels transferts internationaux puissent avoir lieu conform\u00e9ment \u00e0 la l\u00e9gislation applicable en mati\u00e8re de protection des donn\u00e9es. Nous mettons en \u0153uvre des mesures de s\u00e9curit\u00e9 appropri\u00e9es afin de garantir la protection de vos donn\u00e9es personnelles conform\u00e9ment \u00e0 la pr\u00e9sente Politique de confidentialit\u00e9 et \u00e0 la l\u00e9gislation applicable, quel que soit le lieu de traitement.<\/p>\n\n\n\n<h3 class=\"wp-block-heading\">5. Vos droits sur vos donn\u00e9es<\/h3>\n\n\n\n<p>Selon votre juridiction, vous pouvez disposer de certains droits concernant vos donn\u00e9es personnelles. Ces droits peuvent inclure\u00a0:<\/p>\n\n\n\n<ul>\n<li>Droit d&#039;acc\u00e8s\u00a0: Vous avez le droit de demander des copies de vos donn\u00e9es personnelles que nous d\u00e9tenons.<br><\/li>\n\n\n\n<li>Droit de rectification\u00a0: Vous avez le droit de demander que nous corrigions toute information que vous jugez inexacte ou toute information que vous jugez incompl\u00e8te.<br><\/li>\n\n\n\n<li>Droit \u00e0 l\u2019effacement (\u00ab\u00a0droit \u00e0 l\u2019oubli\u00a0\u00bb)\u00a0: Vous avez le droit de demander l\u2019effacement de vos donn\u00e9es personnelles, sous certaines conditions. Ceci ne concerne pas les donn\u00e9es que nous sommes tenus de conserver \u00e0 des fins administratives, l\u00e9gales ou de s\u00e9curit\u00e9.<br><\/li>\n\n\n\n<li>Droit \u00e0 la limitation du traitement\u00a0: Vous avez le droit de demander, sous certaines conditions, que nous limitions le traitement de vos donn\u00e9es personnelles.<br><\/li>\n\n\n\n<li>Droit d\u2019opposition au traitement\u00a0: Vous avez le droit de vous opposer, sous certaines conditions, au traitement de vos donn\u00e9es personnelles.<br><\/li>\n\n\n\n<li>Droit \u00e0 la portabilit\u00e9 des donn\u00e9es\u00a0: Vous avez le droit de demander que nous transf\u00e9rions les donn\u00e9es que nous avons collect\u00e9es \u00e0 une autre organisation, ou directement \u00e0 vous, sous certaines conditions.<\/li>\n<\/ul>\n\n\n\n<p>Si vous poss\u00e9dez un compte sur ce site ou si vous avez laiss\u00e9 des commentaires, vous pouvez demander \u00e0 recevoir un fichier export\u00e9 contenant les donn\u00e9es personnelles que nous d\u00e9tenons \u00e0 votre sujet, y compris les donn\u00e9es que vous nous avez fournies. Pour exercer l&#039;un de ces droits, veuillez nous contacter en utilisant les informations fournies \u00e0 la section 7.<\/p>\n\n\n\n<h3 class=\"wp-block-heading\">6. Conservation des donn\u00e9es<\/h3>\n\n\n\n<p>Nous conservons vos donn\u00e9es personnelles aussi longtemps que n\u00e9cessaire pour atteindre les objectifs pour lesquels elles ont \u00e9t\u00e9 collect\u00e9es, y compris pour satisfaire \u00e0 toute obligation l\u00e9gale, comptable ou de d\u00e9claration.<\/p>\n\n\n\n<ul>\n<li>Commentaires\u00a0: Si vous laissez un commentaire, celui-ci ainsi que ses m\u00e9tadonn\u00e9es sont conserv\u00e9s ind\u00e9finiment. Cela nous permet de reconna\u00eetre et d\u2019approuver automatiquement les commentaires suivants, sans avoir \u00e0 les mod\u00e9rer.<br><\/li>\n\n\n\n<li>Utilisateurs inscrits\u00a0: Pour les utilisateurs qui s\u2019inscrivent sur notre site web (le cas \u00e9ch\u00e9ant), nous conservons les informations personnelles qu\u2019ils fournissent dans leur profil. Tous les utilisateurs peuvent consulter, modifier ou supprimer leurs informations personnelles \u00e0 tout moment (\u00e0 l\u2019exception de leur nom d\u2019utilisateur). Les administrateurs du site web peuvent \u00e9galement consulter et modifier ces informations.<br><\/li>\n\n\n\n<li>Donn\u00e9es g\u00e9n\u00e9rales\u00a0: Les autres donn\u00e9es ne sont conserv\u00e9es que pendant la p\u00e9riode n\u00e9cessaire \u00e0 la r\u00e9alisation des finalit\u00e9s d\u00e9crites dans la pr\u00e9sente politique de confidentialit\u00e9, sauf si une p\u00e9riode de conservation plus longue est requise ou autoris\u00e9e par la loi.<\/li>\n<\/ul>\n\n\n\n<h3 class=\"wp-block-heading\">7. Coordonn\u00e9es<\/h3>\n\n\n\n<p>Si vous avez des questions concernant cette politique de confidentialit\u00e9, les pratiques de ce site ou vos relations avec ce site, veuillez nous contacter \u00e0 l&#039;adresse suivante\u00a0:<\/p>\n\n\n\n<p>Denakop Digital Media LLC<br>1395 Brickell Ave, Suite 852<br>Miami, Floride 33131, \u00c9tats-Unis<br>Courriel\u00a0: contato@denakop.com<\/p>\n\n\n\n<p>Les commentaires des visiteurs peuvent \u00eatre v\u00e9rifi\u00e9s par un service automatis\u00e9 de d\u00e9tection de spam.<\/p>","protected":false},"excerpt":{"rendered":"<p>1. Introduction Votre vie priv\u00e9e est primordiale pour nous. La pr\u00e9sente Politique de confidentialit\u00e9 d\u00e9crit comment BAKVIRAL.COM collecte, utilise, conserve et divulgue les informations recueillies aupr\u00e8s des utilisateurs (ci-apr\u00e8s, un \u00ab\u00a0Utilisateur\u00a0\u00bb) du site web https:\/\/bakviral.com (ci-apr\u00e8s, le \u00ab\u00a0Site\u00a0\u00bb). Cette politique de confidentialit\u00e9 s\u2019applique au Site et \u00e0 tous les produits et services propos\u00e9s par BAKVIRAL.COM. BAKVIRAL.COM est d\u00e9tenu et exploit\u00e9 par Denakop [\u2026]<\/p>","protected":false},"author":272,"featured_media":0,"parent":0,"menu_order":0,"comment_status":"closed","ping_status":"closed","template":"","meta":{"footnotes":""},"_links":{"self":[{"href":"https:\/\/bakviral.com\/fr\/wp-json\/wp\/v2\/pages\/1069"}],"collection":[{"href":"https:\/\/bakviral.com\/fr\/wp-json\/wp\/v2\/pages"}],"about":[{"href":"https:\/\/bakviral.com\/fr\/wp-json\/wp\/v2\/types\/page"}],"author":[{"embeddable":true,"href":"https:\/\/bakviral.com\/fr\/wp-json\/wp\/v2\/users\/272"}],"replies":[{"embeddable":true,"href":"https:\/\/bakviral.com\/fr\/wp-json\/wp\/v2\/comments?post=1069"}],"version-history":[{"count":2,"href":"https:\/\/bakviral.com\/fr\/wp-json\/wp\/v2\/pages\/1069\/revisions"}],"predecessor-version":[{"id":1575,"href":"https:\/\/bakviral.com\/fr\/wp-json\/wp\/v2\/pages\/1069\/revisions\/1575"}],"wp:attachment":[{"href":"https:\/\/bakviral.com\/fr\/wp-json\/wp\/v2\/media?parent=1069"}],"curies":[{"name":"wp","href":"https:\/\/api.w.org\/{rel}","templated":true}]}}