    {"id":1071,"date":"2026-02-02T20:33:56","date_gmt":"2026-02-02T20:33:56","guid":{"rendered":"https:\/\/bakviral.com\/?page_id=1071"},"modified":"2026-03-18T16:11:10","modified_gmt":"2026-03-18T16:11:10","slug":"terms-of-use","status":"publish","type":"page","link":"https:\/\/bakviral.com\/fr\/terms-of-use\/","title":{"rendered":"Conditions d&#039;utilisation"},"content":{"rendered":"<h2 class=\"wp-block-heading\">CONDITIONS D&#039;UTILISATION DE BAKVIRAL.COM<\/h2>\n\n\n\n<p>Date d&#039;entr\u00e9e en vigueur : 18 mars 2026<\/p>\n\n\n\n<p>Les pr\u00e9sentes Conditions d&#039;utilisation (\u00ab\u00a0Conditions\u00a0\u00bb) r\u00e9gissent l&#039;acc\u00e8s et l&#039;utilisation du site web Bakviral.com (\u00ab\u00a0Site\u00a0\u00bb), d\u00e9tenu et exploit\u00e9 par Denakop Digital Media LLC, une entit\u00e9 juridique priv\u00e9e enregistr\u00e9e aux \u00c9tats-Unis sous le num\u00e9ro EIN 83-1565345, dont le si\u00e8ge social est situ\u00e9 au 1395 Brickell Ave, Suite 852, Miami, FL 33131, \u00c9tats-Unis.<\/p>\n\n\n\n<p>En acc\u00e9dant au Site, en le consultant ou en l&#039;utilisant, l&#039;utilisateur (\u00ab\u00a0Utilisateur\u00a0\u00bb) d\u00e9clare avoir lu, compris et accept\u00e9 sans r\u00e9serve les pr\u00e9sentes Conditions d&#039;utilisation et la Politique de confidentialit\u00e9 du Site. Si l&#039;Utilisateur n&#039;accepte pas l&#039;une quelconque des dispositions des pr\u00e9sentes Conditions, il ne doit pas utiliser le Site.<\/p>\n\n\n\n<h3 class=\"wp-block-heading\">1. Identification des parties<\/h3>\n\n\n\n<ul>\n<li>1.1. Site : Bakviral.com, une plateforme de contenu num\u00e9rique, exploit\u00e9e par Denakop Digital Media LLC.<\/li>\n\n\n\n<li>1.2. Utilisateur : Toute personne physique ou morale qui acc\u00e8de, consulte ou utilise le contenu et les services propos\u00e9s par le Site.<\/li>\n<\/ul>\n\n\n\n<h3 class=\"wp-block-heading\">2. Objectif et acceptation<\/h3>\n\n\n\n<ul>\n<li>2.1. Les pr\u00e9sentes conditions g\u00e9n\u00e9rales \u00e9tablissent les r\u00e8gles d&#039;acc\u00e8s \u00e0 Bakviral.com, qui fournit du contenu de divertissement, des actualit\u00e9s, des articles et des documents d&#039;int\u00e9r\u00eat g\u00e9n\u00e9ral.<\/li>\n\n\n\n<li>2.2. L\u2019acc\u00e8s et l\u2019utilisation du Site sous quelque forme que ce soit impliquent l\u2019acceptation tacite et pleine de toutes les dispositions des pr\u00e9sentes Conditions et de la Politique de confidentialit\u00e9.<\/li>\n<\/ul>\n\n\n\n<h3 class=\"wp-block-heading\">3. Obligations de l&#039;utilisateur<\/h3>\n\n\n\n<ul>\n<li>3.1. L\u2019Utilisateur accepte d\u2019utiliser le Site de mani\u00e8re \u00e9thique et conform\u00e9ment \u00e0 la l\u00e9gislation applicable et aux pr\u00e9sentes Conditions.<\/li>\n\n\n\n<li>3.2. Il est strictement interdit de publier un contenu diffamatoire, obsc\u00e8ne, discriminatoire ou tout mat\u00e9riel qui viole les droits de propri\u00e9t\u00e9 intellectuelle de tiers.<\/li>\n\n\n\n<li>3.3. L\u2019Utilisateur est seul responsable des commentaires ou du contenu g\u00e9n\u00e9r\u00e9 par l\u2019utilisateur qu\u2019il publie sur la plateforme.<\/li>\n<\/ul>\n\n\n\n<h3 class=\"wp-block-heading\">4. Propri\u00e9t\u00e9 intellectuelle<\/h3>\n\n\n\n<ul>\n<li>4.1. Tout le contenu de Bakviral.com (textes, images, logos, code et design) est la propri\u00e9t\u00e9 exclusive de Denakop Digital Media LLC ou de ses conc\u00e9dants de licence.<\/li>\n\n\n\n<li>4.2. La reproduction ou la distribution de tout contenu sans autorisation \u00e9crite pr\u00e9alable de Denakop Digital Media LLC est strictement interdite.<\/li>\n\n\n\n<li>4.3. Contenu g\u00e9n\u00e9r\u00e9 par l&#039;utilisateur : En publiant des commentaires ou des m\u00e9dias, l&#039;utilisateur accorde \u00e0 Denakop Digital Media LLC une licence mondiale, perp\u00e9tuelle et libre de redevances pour utiliser et distribuer ce contenu.<\/li>\n<\/ul>\n\n\n\n<h3 class=\"wp-block-heading\">5. Limitation de responsabilit\u00e9<\/h3>\n\n\n\n<ul>\n<li>5.1. Le Site est fourni \u00ab tel quel \u00bb. Denakop Digital Media LLC ne garantit pas que le service sera ininterrompu ou exempt d\u2019erreurs.<\/li>\n\n\n\n<li>5.2. Nous ne sommes pas responsables des dommages directs ou indirects r\u00e9sultant de l&#039;utilisation du Site, y compris la perte de donn\u00e9es ou de liens externes vers des sites Web tiers.<\/li>\n<\/ul>\n\n\n\n<h3 class=\"wp-block-heading\">6. Confidentialit\u00e9 et protection des donn\u00e9es<\/h3>\n\n\n\n<ul>\n<li>6.1. La collecte et le traitement des donn\u00e9es personnelles sont r\u00e9gis par notre Politique de confidentialit\u00e9.<\/li>\n\n\n\n<li>6.2. En tant qu&#039;entreprise bas\u00e9e aux \u00c9tats-Unis, les donn\u00e9es collect\u00e9es peuvent \u00eatre transf\u00e9r\u00e9es et stock\u00e9es sur des serveurs situ\u00e9s aux \u00c9tats-Unis.<\/li>\n<\/ul>\n\n\n\n<h3 class=\"wp-block-heading\">7. Modifications et r\u00e9siliation<\/h3>\n\n\n\n<ul>\n<li>7.1. Denakop Digital Media LLC se r\u00e9serve le droit de modifier les pr\u00e9sentes conditions \u00e0 tout moment. Les modifications prennent effet imm\u00e9diatement apr\u00e8s leur publication.<\/li>\n\n\n\n<li>7.2. Nous pouvons suspendre ou r\u00e9silier l&#039;acc\u00e8s au Site pour tout Utilisateur qui enfreint ces dispositions.<\/li>\n<\/ul>\n\n\n\n<h3 class=\"wp-block-heading\">8. Droit applicable et juridiction comp\u00e9tente<\/h3>\n\n\n\n<ul>\n<li>8.1. Droit applicable : Les pr\u00e9sentes conditions d&#039;utilisation sont r\u00e9gies et interpr\u00e9t\u00e9es conform\u00e9ment aux lois de l&#039;\u00c9tat de Floride, \u00c9tats-Unis, sans \u00e9gard \u00e0 ses dispositions relatives aux conflits de lois.<\/li>\n\n\n\n<li>8.2. Juridiction : Tout litige d\u00e9coulant des pr\u00e9sentes Conditions g\u00e9n\u00e9rales sera r\u00e9solu exclusivement devant les tribunaux du comt\u00e9 de Miami-Dade, en Floride, aux \u00c9tats-Unis.<\/li>\n<\/ul>\n\n\n\n<h3 class=\"wp-block-heading\">9. Contact<\/h3>\n\n\n\n<p>Pour toute question concernant ces conditions g\u00e9n\u00e9rales, veuillez nous contacter \u00e0 l&#039;adresse suivante\u00a0:<\/p>\n\n\n\n<ul>\n<li>E-mail: <a target=\"_blank\" rel=\"noreferrer noopener\" href=\"mailto:contato@denakop.com\">contato@denakop.com<\/a><\/li>\n\n\n\n<li>Adresse : 1395 Brickell Ave, Suite 852, Miami, FL 33131, \u00c9tats-Unis<\/li>\n<\/ul>","protected":false},"excerpt":{"rendered":"<p>TERMS OF USE FOR BAKVIRAL.COM Effective Date: March 18, 2026 This Terms of Use (&#8220;Terms&#8221;) regulates access and use of the website Bakviral.com (&#8220;Site&#8221;), owned and operated by Denakop Digital Media LLC, a private legal entity registered in the United States under EIN 83-1565345, headquartered at 1395 Brickell Ave, Suite 852, Miami, FL 33131, USA. [&hellip;]<\/p>","protected":false},"author":272,"featured_media":0,"parent":0,"menu_order":0,"comment_status":"closed","ping_status":"closed","template":"","meta":{"footnotes":""},"_links":{"self":[{"href":"https:\/\/bakviral.com\/fr\/wp-json\/wp\/v2\/pages\/1071"}],"collection":[{"href":"https:\/\/bakviral.com\/fr\/wp-json\/wp\/v2\/pages"}],"about":[{"href":"https:\/\/bakviral.com\/fr\/wp-json\/wp\/v2\/types\/page"}],"author":[{"embeddable":true,"href":"https:\/\/bakviral.com\/fr\/wp-json\/wp\/v2\/users\/272"}],"replies":[{"embeddable":true,"href":"https:\/\/bakviral.com\/fr\/wp-json\/wp\/v2\/comments?post=1071"}],"version-history":[{"count":4,"href":"https:\/\/bakviral.com\/fr\/wp-json\/wp\/v2\/pages\/1071\/revisions"}],"predecessor-version":[{"id":1578,"href":"https:\/\/bakviral.com\/fr\/wp-json\/wp\/v2\/pages\/1071\/revisions\/1578"}],"wp:attachment":[{"href":"https:\/\/bakviral.com\/fr\/wp-json\/wp\/v2\/media?parent=1071"}],"curies":[{"name":"wp","href":"https:\/\/api.w.org\/{rel}","templated":true}]}}