    {"id":503,"date":"2025-09-06T13:46:22","date_gmt":"2025-09-06T13:46:22","guid":{"rendered":"https:\/\/bakviral.com\/?page_id=503"},"modified":"2025-09-06T13:46:22","modified_gmt":"2025-09-06T13:46:22","slug":"about-us","status":"publish","type":"page","link":"https:\/\/bakviral.com\/fr\/about-us\/","title":{"rendered":"\u00c0 propos de nous"},"content":{"rendered":"<p>Bienvenue sur Bak Viral !<\/p>\n\n\n\n<p>Chez Bak Viral, notre mission est de vous apporter les derni\u00e8res actualit\u00e9s tendances, des articles pertinents et des perspectives in\u00e9dites sur les sujets les plus importants \u2014 de l&#039;\u00e9conomie et la finance aux march\u00e9s, \u00e0 l&#039;emploi et bien plus encore.<\/p>\n\n\n\n<p>Nous croyons en la diffusion de contenus non seulement informatifs, mais aussi captivants et accessibles \u00e0 tous. Notre \u00e9quipe s&#039;engage \u00e0 vous tenir inform\u00e9s gr\u00e2ce \u00e0 des articles pr\u00e9cis et document\u00e9s qui vous permettent de garder une longueur d&#039;avance.<\/p>\n\n\n\n<p>Merci de faire partie de notre communaut\u00e9. Ensemble, explorons les histoires qui fa\u00e7onnent notre monde.<\/p>\n\n\n\n<p><\/p>","protected":false},"excerpt":{"rendered":"<p>Welcome to Bak Viral! At Bak Viral, our mission is to bring you the latest trending news, insightful articles, and fresh perspectives on the topics that matter most \u2014 from economy and finance to markets, jobs, and beyond. We believe in delivering content that is not only informative but also engaging and accessible to everyone. [&hellip;]<\/p>","protected":false},"author":0,"featured_media":0,"parent":0,"menu_order":0,"comment_status":"closed","ping_status":"closed","template":"","meta":{"footnotes":""},"_links":{"self":[{"href":"https:\/\/bakviral.com\/fr\/wp-json\/wp\/v2\/pages\/503"}],"collection":[{"href":"https:\/\/bakviral.com\/fr\/wp-json\/wp\/v2\/pages"}],"about":[{"href":"https:\/\/bakviral.com\/fr\/wp-json\/wp\/v2\/types\/page"}],"replies":[{"embeddable":true,"href":"https:\/\/bakviral.com\/fr\/wp-json\/wp\/v2\/comments?post=503"}],"version-history":[{"count":0,"href":"https:\/\/bakviral.com\/fr\/wp-json\/wp\/v2\/pages\/503\/revisions"}],"wp:attachment":[{"href":"https:\/\/bakviral.com\/fr\/wp-json\/wp\/v2\/media?parent=503"}],"curies":[{"name":"wp","href":"https:\/\/api.w.org\/{rel}","templated":true}]}}