    {"id":1069,"date":"2026-02-02T20:17:30","date_gmt":"2026-02-02T20:17:30","guid":{"rendered":"https:\/\/bakviral.com\/?page_id=1069"},"modified":"2026-03-18T15:57:44","modified_gmt":"2026-03-18T15:57:44","slug":"privacy-policy","status":"publish","type":"page","link":"https:\/\/bakviral.com\/it\/privacy-policy\/","title":{"rendered":"politica sulla riservatezza"},"content":{"rendered":"<h3 class=\"wp-block-heading\">1. Introduzione<\/h3>\n\n\n\n<p>La tua privacy \u00e8 di fondamentale importanza per noi. La presente Informativa sulla privacy descrive come BAKVIRAL.COM raccoglie, utilizza, conserva e divulga le informazioni raccolte dagli utenti (ciascuno, un &quot;Utente&quot;) del sito web https:\/\/bakviral.com (&quot;Sito&quot;). La presente informativa sulla privacy si applica al Sito e a tutti i prodotti e servizi offerti da BAKVIRAL.COM.<\/p>\n\n\n\n<p>BAKVIRAL.COM \u00e8 di propriet\u00e0 e gestito da Denakop Digital Media LLC, una societ\u00e0 registrata negli Stati Uniti con il codice EIN 83-1565345 e sede legale in 1395 Brickell Ave, Suite 852, Miami, FL 33131, USA. Nella presente Informativa sulla privacy, i riferimenti a &quot;BAKVIRAL.COM&quot;, &quot;noi&quot;, &quot;ci&quot; o &quot;nostro&quot; si riferiscono a Denakop Digital Media LLC in quanto entit\u00e0 responsabile della gestione del sito web e del trattamento dei dati dell&#039;utente.<\/p>\n\n\n\n<h3 class=\"wp-block-heading\">2. Titolare del trattamento dei dati<\/h3>\n\n\n\n<p>Ai fini delle leggi applicabili in materia di protezione dei dati, tra cui, a titolo esemplificativo, il Regolamento generale sulla protezione dei dati (GDPR) e il California Consumer Privacy Act (CCPA), Denakop Digital Media LLC \u00e8 il titolare del trattamento responsabile del trattamento dei dati personali raccolti tramite BAKVIRAL.COM. Ci\u00f2 significa che determiniamo le finalit\u00e0 e le modalit\u00e0 del trattamento dei vostri dati personali.<\/p>\n\n\n\n<h3 class=\"wp-block-heading\">3. Raccolta dei dati<\/h3>\n\n\n\n<p>Raccogliamo diverse tipologie di informazioni per vari scopi, al fine di fornire e migliorare il nostro servizio. Le tipologie di dati che raccogliamo e le motivazioni della raccolta sono descritte in dettaglio di seguito:<\/p>\n\n\n\n<h4 class=\"wp-block-heading\">3.1. Commenti<\/h4>\n\n\n\n<p>Quando i visitatori lasciano commenti sul sito, raccogliamo i dati mostrati nel modulo dei commenti, nonch\u00e9 l&#039;indirizzo IP del visitatore e la stringa dello user agent del browser per facilitare il rilevamento dello spam. Una stringa anonimizzata creata dal tuo indirizzo email (chiamata anche hash) pu\u00f2 essere fornita al servizio Gravatar per verificare se lo stai utilizzando. L&#039;informativa sulla privacy del servizio Gravatar \u00e8 disponibile all&#039;indirizzo: https:\/\/automattic.com\/privacy\/. Dopo l&#039;approvazione del tuo commento, la tua immagine del profilo sar\u00e0 visibile pubblicamente nel contesto del tuo commento.<\/p>\n\n\n\n<h4 class=\"wp-block-heading\">3.2. Media<\/h4>\n\n\n\n<p>Se caricate immagini sul sito web, evitate di caricare immagini con dati di geolocalizzazione (EXIF GPS) incorporati. I visitatori del sito web possono scaricare ed estrarre qualsiasi dato di geolocalizzazione dalle immagini presenti sul sito.<\/p>\n\n\n\n<h4 class=\"wp-block-heading\">3.3. Cookie<\/h4>\n\n\n\n<p>Utilizziamo i cookie per migliorare la tua esperienza sul nostro sito. I cookie sono piccoli file che un sito o il suo fornitore di servizi trasferisce sul disco rigido del tuo computer tramite il browser web (se lo consenti) e che permettono ai sistemi del sito o del fornitore di servizi di riconoscere il tuo browser e di acquisire e memorizzare determinate informazioni. Utilizziamo i cookie per i seguenti scopi:<\/p>\n\n\n\n<ul>\n<li>Commenti: Se lasci un commento sul nostro sito, puoi scegliere di salvare il tuo nome, indirizzo email e sito web nei cookie. Questi cookie servono per tua comodit\u00e0, in modo da non dover inserire nuovamente i tuoi dati quando lasci un altro commento. Questi cookie avranno una durata di un anno.<br><\/li>\n\n\n\n<li>Accesso: Se visiti la nostra pagina di accesso, imposteremo un cookie temporaneo per determinare se il tuo browser accetta i cookie. Questo cookie non contiene dati personali e viene eliminato alla chiusura del browser. Quando effettui l&#039;accesso, imposteremo anche diversi cookie per salvare le tue informazioni di accesso e le tue preferenze di visualizzazione dello schermo. I cookie di accesso durano due giorni, mentre i cookie relativi alle opzioni di visualizzazione durano un anno. Se selezioni &quot;Ricordami&quot;, il tuo accesso rimarr\u00e0 attivo per due settimane. Se effettui il logout dal tuo account, i cookie di accesso verranno rimossi.<br><\/li>\n\n\n\n<li>Modifica dei contenuti: se modifichi o pubblichi un articolo, un cookie aggiuntivo verr\u00e0 salvato nel tuo browser. Questo cookie non contiene dati personali e indica semplicemente l&#039;ID dell&#039;articolo che hai appena modificato. Scade dopo 1 giorno.<\/li>\n<\/ul>\n\n\n\n<h4 class=\"wp-block-heading\">3.4. Contenuti incorporati da altri siti web<\/h4>\n\n\n\n<p>Gli articoli su questo sito possono includere contenuti incorporati (ad esempio, video, immagini, articoli, ecc.). I contenuti incorporati provenienti da altri siti web si comportano esattamente come se il visitatore avesse visitato direttamente tali siti. Questi siti web potrebbero raccogliere dati su di te, utilizzare cookie, incorporare ulteriori sistemi di tracciamento di terze parti e monitorare la tua interazione con tali contenuti incorporati, incluso il tracciamento della tua interazione con i contenuti incorporati se disponi di un account e hai effettuato l&#039;accesso a quel sito web.<\/p>\n\n\n\n<h4 class=\"wp-block-heading\">3.5. Raccolta automatizzata dei dati<\/h4>\n\n\n\n<p>Potremmo inoltre raccogliere informazioni di identificazione non personali sugli Utenti ogni volta che interagiscono con il nostro Sito. Tali informazioni non personali possono includere il nome del browser, il tipo di computer e informazioni tecniche relative al metodo di connessione degli Utenti al nostro Sito, come il sistema operativo, i provider di servizi Internet utilizzati e altre informazioni simili. Questi dati vengono utilizzati principalmente a fini analitici per migliorare i nostri servizi e l&#039;esperienza utente.<\/p>\n\n\n\n<h3 class=\"wp-block-heading\">4. Trasferimento internazionale dei dati<\/h3>\n\n\n\n<p>Poich\u00e9 BAKVIRAL.COM \u00e8 gestito da Denakop Digital Media LLC, una societ\u00e0 con sede negli Stati Uniti, i tuoi dati personali potrebbero essere elaborati, archiviati e trasferiti a server e fornitori di servizi situati al di fuori del tuo paese di residenza, inclusi gli Stati Uniti. Utilizzando questo sito web, riconosci e accetti che tali trasferimenti internazionali possano avvenire in conformit\u00e0 con le leggi applicabili in materia di protezione dei dati. Adottiamo misure di sicurezza appropriate per garantire che i tuoi dati personali rimangano protetti in conformit\u00e0 con la presente Informativa sulla privacy e le leggi applicabili, indipendentemente dal luogo in cui vengono elaborati.<\/p>\n\n\n\n<h3 class=\"wp-block-heading\">5. I tuoi diritti sui tuoi dati<\/h3>\n\n\n\n<p>A seconda della giurisdizione in cui ti trovi, potresti avere determinati diritti in relazione ai tuoi dati personali. Questi diritti possono includere:<\/p>\n\n\n\n<ul>\n<li>Diritto di accesso: Hai il diritto di richiedere copie dei tuoi dati personali in nostro possesso.<br><\/li>\n\n\n\n<li>Diritto di rettifica: Hai il diritto di richiedere la correzione di qualsiasi informazione che ritieni inesatta o l&#039;integrazione di informazioni che ritieni incomplete.<br><\/li>\n\n\n\n<li>Diritto alla cancellazione (\u201cDiritto all&#039;oblio\u201d): Hai il diritto di richiedere la cancellazione dei tuoi dati personali, a determinate condizioni. Sono esclusi da tale diritto i dati che siamo obbligati a conservare per motivi amministrativi, legali o di sicurezza.<br><\/li>\n\n\n\n<li>Diritto di limitazione del trattamento: Hai il diritto di richiedere la limitazione del trattamento dei tuoi dati personali, a determinate condizioni.<br><\/li>\n\n\n\n<li>Diritto di opposizione al trattamento: Hai il diritto di opporti al trattamento dei tuoi dati personali da parte nostra, a determinate condizioni.<br><\/li>\n\n\n\n<li>Diritto alla portabilit\u00e0 dei dati: a determinate condizioni, hai il diritto di richiedere il trasferimento dei dati che abbiamo raccolto a un&#039;altra organizzazione o direttamente a te.<\/li>\n<\/ul>\n\n\n\n<p>Se possiedi un account su questo sito o hai lasciato commenti, puoi richiedere di ricevere un file esportato contenente i dati personali che conserviamo su di te, inclusi i dati che ci hai fornito. Per esercitare uno qualsiasi di questi diritti, ti preghiamo di contattarci utilizzando le informazioni fornite nella Sezione 7.<\/p>\n\n\n\n<h3 class=\"wp-block-heading\">6. Conservazione dei dati<\/h3>\n\n\n\n<p>Conserviamo i vostri dati personali per il tempo necessario a soddisfare le finalit\u00e0 per cui sono stati raccolti, inclusi gli obblighi legali, contabili e di rendicontazione.<\/p>\n\n\n\n<ul>\n<li>Commenti: Se lasci un commento, il commento e i relativi metadati vengono conservati a tempo indeterminato. Questo ci permette di riconoscere e approvare automaticamente eventuali commenti successivi, anzich\u00e9 doverli sottoporre a moderazione.<br><\/li>\n\n\n\n<li>Utenti registrati: Per gli utenti che si registrano sul nostro sito web (ove applicabile), memorizziamo le informazioni personali fornite nel loro profilo utente. Tutti gli utenti possono visualizzare, modificare o eliminare le proprie informazioni personali in qualsiasi momento (ad eccezione del nome utente, che non pu\u00f2 essere modificato). Anche gli amministratori del sito web possono visualizzare e modificare tali informazioni.<br><\/li>\n\n\n\n<li>Dati generali: Gli altri dati vengono conservati solo per il periodo necessario al raggiungimento delle finalit\u00e0 descritte nella presente Informativa sulla privacy, a meno che un periodo di conservazione pi\u00f9 lungo non sia richiesto o consentito dalla legge.<\/li>\n<\/ul>\n\n\n\n<h3 class=\"wp-block-heading\">7. Informazioni di contatto<\/h3>\n\n\n\n<p>Se hai domande sulla presente Informativa sulla privacy, sulle pratiche di questo sito o sulle tue interazioni con questo sito, ti preghiamo di contattarci a:<\/p>\n\n\n\n<p>Denakop Digital Media LLC<br>1395 Brickell Ave, Suite 852<br>Miami, FL 33131, USA<br>Email: contato@denakop.com<\/p>\n\n\n\n<p>I commenti dei visitatori potrebbero essere controllati tramite un servizio di rilevamento automatico dello spam.<\/p>","protected":false},"excerpt":{"rendered":"<p>1. Introduzione La tua privacy \u00e8 di fondamentale importanza per noi. La presente Informativa sulla privacy descrive come BAKVIRAL.COM raccoglie, utilizza, conserva e divulga le informazioni raccolte dagli utenti (ciascuno, un &quot;Utente&quot;) del sito web https:\/\/bakviral.com (&quot;Sito&quot;). La presente informativa sulla privacy si applica al Sito e a tutti i prodotti e servizi offerti da BAKVIRAL.COM. BAKVIRAL.COM \u00e8 di propriet\u00e0 e gestito da Denakop [\u2026]<\/p>","protected":false},"author":272,"featured_media":0,"parent":0,"menu_order":0,"comment_status":"closed","ping_status":"closed","template":"","meta":{"footnotes":""},"_links":{"self":[{"href":"https:\/\/bakviral.com\/it\/wp-json\/wp\/v2\/pages\/1069"}],"collection":[{"href":"https:\/\/bakviral.com\/it\/wp-json\/wp\/v2\/pages"}],"about":[{"href":"https:\/\/bakviral.com\/it\/wp-json\/wp\/v2\/types\/page"}],"author":[{"embeddable":true,"href":"https:\/\/bakviral.com\/it\/wp-json\/wp\/v2\/users\/272"}],"replies":[{"embeddable":true,"href":"https:\/\/bakviral.com\/it\/wp-json\/wp\/v2\/comments?post=1069"}],"version-history":[{"count":2,"href":"https:\/\/bakviral.com\/it\/wp-json\/wp\/v2\/pages\/1069\/revisions"}],"predecessor-version":[{"id":1575,"href":"https:\/\/bakviral.com\/it\/wp-json\/wp\/v2\/pages\/1069\/revisions\/1575"}],"wp:attachment":[{"href":"https:\/\/bakviral.com\/it\/wp-json\/wp\/v2\/media?parent=1069"}],"curies":[{"name":"wp","href":"https:\/\/api.w.org\/{rel}","templated":true}]}}