    {"id":1071,"date":"2026-02-02T20:33:56","date_gmt":"2026-02-02T20:33:56","guid":{"rendered":"https:\/\/bakviral.com\/?page_id=1071"},"modified":"2026-03-18T16:11:10","modified_gmt":"2026-03-18T16:11:10","slug":"terms-of-use","status":"publish","type":"page","link":"https:\/\/bakviral.com\/it\/terms-of-use\/","title":{"rendered":"Termini di utilizzo"},"content":{"rendered":"<h2 class=\"wp-block-heading\">TERMINI DI UTILIZZO DI BAKVIRAL.COM<\/h2>\n\n\n\n<p>Data di entrata in vigore: 18 marzo 2026<\/p>\n\n\n\n<p>Le presenti Condizioni d&#039;uso (\u201cCondizioni\u201d) regolano l&#039;accesso e l&#039;utilizzo del sito web Bakviral.com (\u201cSito\u201d), di propriet\u00e0 e gestito da Denakop Digital Media LLC, una persona giuridica privata registrata negli Stati Uniti con il codice EIN 83-1565345, con sede legale in 1395 Brickell Ave, Suite 852, Miami, FL 33131, USA.<\/p>\n\n\n\n<p>Accedendo, navigando o utilizzando il Sito, l&#039;utente (&quot;Utente&quot;) dichiara di aver letto, compreso e accettato integralmente i presenti Termini di Utilizzo e l&#039;Informativa sulla Privacy del Sito. Qualora l&#039;Utente non accetti una qualsiasi delle disposizioni dei presenti Termini, non deve utilizzare il Sito.<\/p>\n\n\n\n<h3 class=\"wp-block-heading\">1. Identificazione delle parti<\/h3>\n\n\n\n<ul>\n<li>1.1. Sito: Bakviral.com, una piattaforma di contenuti digitali gestita da Denakop Digital Media LLC.<\/li>\n\n\n\n<li>1.2. Utente: qualsiasi persona fisica o giuridica che accede, naviga o utilizza i contenuti e i servizi offerti dal Sito.<\/li>\n<\/ul>\n\n\n\n<h3 class=\"wp-block-heading\">2. Scopo e accettazione<\/h3>\n\n\n\n<ul>\n<li>2.1. Le presenti Condizioni stabiliscono le regole per l&#039;accesso a Bakviral.com, che offre contenuti di intrattenimento, notizie, articoli e materiale di interesse generale.<\/li>\n\n\n\n<li>2.2. L&#039;accesso e l&#039;utilizzo del Sito in qualsiasi forma implicano l&#039;accettazione tacita e completa di tutte le disposizioni delle presenti Condizioni e dell&#039;Informativa sulla privacy.<\/li>\n<\/ul>\n\n\n\n<h3 class=\"wp-block-heading\">3. Obblighi dell&#039;utente<\/h3>\n\n\n\n<ul>\n<li>3.1. L&#039;Utente accetta di utilizzare il Sito in modo etico e nel rispetto della legislazione applicabile e delle presenti Condizioni.<\/li>\n\n\n\n<li>3.2. \u00c8 severamente vietato pubblicare contenuti diffamatori, osceni, discriminatori o qualsiasi materiale che violi i diritti di propriet\u00e0 intellettuale di terzi.<\/li>\n\n\n\n<li>3.3. L&#039;Utente \u00e8 l&#039;unico responsabile di qualsiasi commento o contenuto generato dall&#039;utente che pubblica sulla piattaforma.<\/li>\n<\/ul>\n\n\n\n<h3 class=\"wp-block-heading\">4. Propriet\u00e0 intellettuale<\/h3>\n\n\n\n<ul>\n<li>4.1. Tutti i contenuti presenti su Bakviral.com (testi, immagini, loghi, codice e design) sono di propriet\u00e0 esclusiva di Denakop Digital Media LLC o dei suoi licenziatari.<\/li>\n\n\n\n<li>4.2. La riproduzione o la distribuzione di qualsiasi contenuto senza la previa autorizzazione scritta di Denakop Digital Media LLC \u00e8 severamente vietata.<\/li>\n\n\n\n<li>4.3. Contenuti generati dagli utenti: pubblicando commenti o contenuti multimediali, l&#039;Utente concede a Denakop Digital Media LLC una licenza mondiale, perpetua e gratuita per utilizzare e distribuire tali contenuti.<\/li>\n<\/ul>\n\n\n\n<h3 class=\"wp-block-heading\">5. Limitazione di responsabilit\u00e0<\/h3>\n\n\n\n<ul>\n<li>5.1. Il Sito viene fornito &quot;cos\u00ec com&#039;\u00e8&quot;. Denakop Digital Media LLC non garantisce che il servizio sar\u00e0 ininterrotto o privo di errori.<\/li>\n\n\n\n<li>5.2. Non ci assumiamo alcuna responsabilit\u00e0 per danni diretti o indiretti derivanti dall&#039;utilizzo del Sito, inclusa la perdita di dati o di link esterni a siti web di terzi.<\/li>\n<\/ul>\n\n\n\n<h3 class=\"wp-block-heading\">6. Privacy e protezione dei dati<\/h3>\n\n\n\n<ul>\n<li>6.1. La raccolta e il trattamento dei dati personali sono regolati dalla nostra Informativa sulla privacy.<\/li>\n\n\n\n<li>6.2. Essendo un&#039;azienda con sede negli Stati Uniti, i dati raccolti potrebbero essere trasferiti e archiviati su server situati negli Stati Uniti.<\/li>\n<\/ul>\n\n\n\n<h3 class=\"wp-block-heading\">7. Modifiche e cessazione<\/h3>\n\n\n\n<ul>\n<li>7.1. Denakop Digital Media LLC si riserva il diritto di modificare i presenti Termini in qualsiasi momento. Le modifiche entrano in vigore immediatamente dopo la pubblicazione.<\/li>\n\n\n\n<li>7.2. Ci riserviamo il diritto di sospendere o interrompere l&#039;accesso al Sito per qualsiasi Utente che violi le presenti disposizioni.<\/li>\n<\/ul>\n\n\n\n<h3 class=\"wp-block-heading\">8. Legge applicabile e giurisdizione<\/h3>\n\n\n\n<ul>\n<li>8.1. Legge applicabile: Le presenti Condizioni d&#039;uso saranno regolate e interpretate in conformit\u00e0 con le leggi dello Stato della Florida, Stati Uniti, senza riguardo alle sue disposizioni in materia di conflitto di leggi.<\/li>\n\n\n\n<li>8.2. Foro competente: Qualsiasi controversia derivante dalle presenti Condizioni sar\u00e0 risolta esclusivamente presso i tribunali della Contea di Miami-Dade, Florida, Stati Uniti d&#039;America.<\/li>\n<\/ul>\n\n\n\n<h3 class=\"wp-block-heading\">9. Contatto<\/h3>\n\n\n\n<p>Per qualsiasi domanda relativa alle presenti Condizioni, vi preghiamo di contattarci al seguente indirizzo:<\/p>\n\n\n\n<ul>\n<li>E-mail: <a target=\"_blank\" rel=\"noreferrer noopener\" href=\"mailto:contato@denakop.com\">contatto@denakop.com<\/a><\/li>\n\n\n\n<li>Indirizzo: 1395 Brickell Ave, Suite 852, Miami, FL 33131, USA<\/li>\n<\/ul>","protected":false},"excerpt":{"rendered":"<p>TERMINI DI UTILIZZO DI BAKVIRAL.COM Data di entrata in vigore: 18 marzo 2026 I presenti Termini di utilizzo (\u201cTermini\u201d) regolano l&#039;accesso e l&#039;utilizzo del sito web Bakviral.com (\u201cSito\u201d), di propriet\u00e0 e gestito da Denakop Digital Media LLC, una persona giuridica privata registrata negli Stati Uniti con il codice EIN 83-1565345, con sede legale in 1395 Brickell Ave, Suite 852, Miami, FL 33131, USA. [\u2026]<\/p>","protected":false},"author":272,"featured_media":0,"parent":0,"menu_order":0,"comment_status":"closed","ping_status":"closed","template":"","meta":{"footnotes":""},"_links":{"self":[{"href":"https:\/\/bakviral.com\/it\/wp-json\/wp\/v2\/pages\/1071"}],"collection":[{"href":"https:\/\/bakviral.com\/it\/wp-json\/wp\/v2\/pages"}],"about":[{"href":"https:\/\/bakviral.com\/it\/wp-json\/wp\/v2\/types\/page"}],"author":[{"embeddable":true,"href":"https:\/\/bakviral.com\/it\/wp-json\/wp\/v2\/users\/272"}],"replies":[{"embeddable":true,"href":"https:\/\/bakviral.com\/it\/wp-json\/wp\/v2\/comments?post=1071"}],"version-history":[{"count":4,"href":"https:\/\/bakviral.com\/it\/wp-json\/wp\/v2\/pages\/1071\/revisions"}],"predecessor-version":[{"id":1578,"href":"https:\/\/bakviral.com\/it\/wp-json\/wp\/v2\/pages\/1071\/revisions\/1578"}],"wp:attachment":[{"href":"https:\/\/bakviral.com\/it\/wp-json\/wp\/v2\/media?parent=1071"}],"curies":[{"name":"wp","href":"https:\/\/api.w.org\/{rel}","templated":true}]}}